{"id":67,"date":"2025-07-24T09:20:22","date_gmt":"2025-07-24T07:20:22","guid":{"rendered":"https:\/\/biblsokol.org.pl\/pracownia\/?page_id=67"},"modified":"2025-08-22T10:42:24","modified_gmt":"2025-08-22T08:42:24","slug":"dzien-targowy-na-duzym-rynku","status":"publish","type":"page","link":"https:\/\/biblsokol.org.pl\/pracownia\/dzien-targowy-na-duzym-rynku\/","title":{"rendered":"Dzie\u0144 Targowy na Du\u017cym Rynku"},"content":{"rendered":"\n<div style=\"height:30px\" aria-hidden=\"true\" class=\"wp-block-spacer\"><\/div>\n\n\n\n<h2 class=\"wp-block-heading has-text-align-left\">Dzie\u0144 Targowy na Du\u017cym Rynku<\/h2>\n\n\n\n<p>Do roku 1939 \u015bcis\u0142e centrum Soko\u0142owa pe\u0142ni\u0142o istotne funkcje zwi\u0105zane z handlem, komunikacj\u0105 oraz by\u0142o miejscem zgromadze\u0144 mieszka\u0144c\u00f3w podczas wa\u017cnych uroczysto\u015bci pa\u0144stwowych. W okresie mi\u0119dzywojennym placu nadano honorow\u0105 nazw\u0119 od imienia ks. Stanis\u0142awa Brz\u00f3ski.<\/p>\n\n\n\n<figure class=\"wp-block-gallery has-nested-images columns-default is-cropped cm-gallery wp-block-gallery-1 is-layout-flex wp-block-gallery-is-layout-flex\">\n<figure data-wp-context=\"{&quot;imageId&quot;:&quot;69f555bc9e497&quot;}\" data-wp-interactive=\"core\/image\" class=\"wp-block-image size-large wp-lightbox-container\"><img loading=\"lazy\" decoding=\"async\" width=\"1024\" height=\"728\" data-wp-class--hide=\"state.isContentHidden\" data-wp-class--show=\"state.isContentVisible\" data-wp-init=\"callbacks.setButtonStyles\" data-wp-on-async--click=\"actions.showLightbox\" data-wp-on-async--load=\"callbacks.setButtonStyles\" data-wp-on-async-window--resize=\"callbacks.setButtonStyles\" data-id=\"100\" src=\"https:\/\/biblsokol.org.pl\/pracownia\/wp-content\/uploads\/2025\/07\/Fot._001.jpg\" alt=\"\" class=\"wp-image-100\" srcset=\"https:\/\/biblsokol.org.pl\/pracownia\/wp-content\/uploads\/2025\/07\/Fot._001.jpg 1024w, https:\/\/biblsokol.org.pl\/pracownia\/wp-content\/uploads\/2025\/07\/Fot._001-300x213.jpg 300w, https:\/\/biblsokol.org.pl\/pracownia\/wp-content\/uploads\/2025\/07\/Fot._001-768x546.jpg 768w\" sizes=\"auto, (max-width: 1024px) 100vw, 1024px\" \/><button\n\t\t\tclass=\"lightbox-trigger\"\n\t\t\ttype=\"button\"\n\t\t\taria-haspopup=\"dialog\"\n\t\t\taria-label=\"Powi\u0119ksz\"\n\t\t\tdata-wp-init=\"callbacks.initTriggerButton\"\n\t\t\tdata-wp-on-async--click=\"actions.showLightbox\"\n\t\t\tdata-wp-style--right=\"state.imageButtonRight\"\n\t\t\tdata-wp-style--top=\"state.imageButtonTop\"\n\t\t>\n\t\t\t<svg xmlns=\"http:\/\/www.w3.org\/2000\/svg\" width=\"12\" height=\"12\" fill=\"none\" viewBox=\"0 0 12 12\">\n\t\t\t\t<path fill=\"#fff\" d=\"M2 0a2 2 0 0 0-2 2v2h1.5V2a.5.5 0 0 1 .5-.5h2V0H2Zm2 10.5H2a.5.5 0 0 1-.5-.5V8H0v2a2 2 0 0 0 2 2h2v-1.5ZM8 12v-1.5h2a.5.5 0 0 0 .5-.5V8H12v2a2 2 0 0 1-2 2H8Zm2-12a2 2 0 0 1 2 2v2h-1.5V2a.5.5 0 0 0-.5-.5H8V0h2Z\" \/>\n\t\t\t<\/svg>\n\t\t<\/button><\/figure>\n\n\n\n<figure data-wp-context=\"{&quot;imageId&quot;:&quot;69f555bc9ed58&quot;}\" data-wp-interactive=\"core\/image\" class=\"wp-block-image size-large wp-lightbox-container\"><img loading=\"lazy\" decoding=\"async\" width=\"1024\" height=\"685\" data-wp-class--hide=\"state.isContentHidden\" data-wp-class--show=\"state.isContentVisible\" data-wp-init=\"callbacks.setButtonStyles\" data-wp-on-async--click=\"actions.showLightbox\" data-wp-on-async--load=\"callbacks.setButtonStyles\" data-wp-on-async-window--resize=\"callbacks.setButtonStyles\" data-id=\"99\" src=\"https:\/\/biblsokol.org.pl\/pracownia\/wp-content\/uploads\/2025\/07\/Fot._002.jpg\" alt=\"\" class=\"wp-image-99\" srcset=\"https:\/\/biblsokol.org.pl\/pracownia\/wp-content\/uploads\/2025\/07\/Fot._002.jpg 1024w, https:\/\/biblsokol.org.pl\/pracownia\/wp-content\/uploads\/2025\/07\/Fot._002-300x201.jpg 300w, https:\/\/biblsokol.org.pl\/pracownia\/wp-content\/uploads\/2025\/07\/Fot._002-768x514.jpg 768w\" sizes=\"auto, (max-width: 1024px) 100vw, 1024px\" \/><button\n\t\t\tclass=\"lightbox-trigger\"\n\t\t\ttype=\"button\"\n\t\t\taria-haspopup=\"dialog\"\n\t\t\taria-label=\"Powi\u0119ksz\"\n\t\t\tdata-wp-init=\"callbacks.initTriggerButton\"\n\t\t\tdata-wp-on-async--click=\"actions.showLightbox\"\n\t\t\tdata-wp-style--right=\"state.imageButtonRight\"\n\t\t\tdata-wp-style--top=\"state.imageButtonTop\"\n\t\t>\n\t\t\t<svg xmlns=\"http:\/\/www.w3.org\/2000\/svg\" width=\"12\" height=\"12\" fill=\"none\" viewBox=\"0 0 12 12\">\n\t\t\t\t<path fill=\"#fff\" d=\"M2 0a2 2 0 0 0-2 2v2h1.5V2a.5.5 0 0 1 .5-.5h2V0H2Zm2 10.5H2a.5.5 0 0 1-.5-.5V8H0v2a2 2 0 0 0 2 2h2v-1.5ZM8 12v-1.5h2a.5.5 0 0 0 .5-.5V8H12v2a2 2 0 0 1-2 2H8Zm2-12a2 2 0 0 1 2 2v2h-1.5V2a.5.5 0 0 0-.5-.5H8V0h2Z\" \/>\n\t\t\t<\/svg>\n\t\t<\/button><\/figure>\n\n\n\n<figure data-wp-context=\"{&quot;imageId&quot;:&quot;69f555bc9f55f&quot;}\" data-wp-interactive=\"core\/image\" class=\"wp-block-image size-large wp-lightbox-container\"><img loading=\"lazy\" decoding=\"async\" width=\"1024\" height=\"739\" data-wp-class--hide=\"state.isContentHidden\" data-wp-class--show=\"state.isContentVisible\" data-wp-init=\"callbacks.setButtonStyles\" data-wp-on-async--click=\"actions.showLightbox\" data-wp-on-async--load=\"callbacks.setButtonStyles\" data-wp-on-async-window--resize=\"callbacks.setButtonStyles\" data-id=\"101\" src=\"https:\/\/biblsokol.org.pl\/pracownia\/wp-content\/uploads\/2025\/07\/Fot._003.jpg\" alt=\"\" class=\"wp-image-101\" srcset=\"https:\/\/biblsokol.org.pl\/pracownia\/wp-content\/uploads\/2025\/07\/Fot._003.jpg 1024w, https:\/\/biblsokol.org.pl\/pracownia\/wp-content\/uploads\/2025\/07\/Fot._003-300x217.jpg 300w, https:\/\/biblsokol.org.pl\/pracownia\/wp-content\/uploads\/2025\/07\/Fot._003-768x554.jpg 768w\" sizes=\"auto, (max-width: 1024px) 100vw, 1024px\" \/><button\n\t\t\tclass=\"lightbox-trigger\"\n\t\t\ttype=\"button\"\n\t\t\taria-haspopup=\"dialog\"\n\t\t\taria-label=\"Powi\u0119ksz\"\n\t\t\tdata-wp-init=\"callbacks.initTriggerButton\"\n\t\t\tdata-wp-on-async--click=\"actions.showLightbox\"\n\t\t\tdata-wp-style--right=\"state.imageButtonRight\"\n\t\t\tdata-wp-style--top=\"state.imageButtonTop\"\n\t\t>\n\t\t\t<svg xmlns=\"http:\/\/www.w3.org\/2000\/svg\" width=\"12\" height=\"12\" fill=\"none\" viewBox=\"0 0 12 12\">\n\t\t\t\t<path fill=\"#fff\" d=\"M2 0a2 2 0 0 0-2 2v2h1.5V2a.5.5 0 0 1 .5-.5h2V0H2Zm2 10.5H2a.5.5 0 0 1-.5-.5V8H0v2a2 2 0 0 0 2 2h2v-1.5ZM8 12v-1.5h2a.5.5 0 0 0 .5-.5V8H12v2a2 2 0 0 1-2 2H8Zm2-12a2 2 0 0 1 2 2v2h-1.5V2a.5.5 0 0 0-.5-.5H8V0h2Z\" \/>\n\t\t\t<\/svg>\n\t\t<\/button><\/figure>\n\n\n\n<figure data-wp-context=\"{&quot;imageId&quot;:&quot;69f555bc9fcd5&quot;}\" data-wp-interactive=\"core\/image\" class=\"wp-block-image size-large wp-lightbox-container\"><img loading=\"lazy\" decoding=\"async\" width=\"1024\" height=\"815\" data-wp-class--hide=\"state.isContentHidden\" data-wp-class--show=\"state.isContentVisible\" data-wp-init=\"callbacks.setButtonStyles\" data-wp-on-async--click=\"actions.showLightbox\" data-wp-on-async--load=\"callbacks.setButtonStyles\" data-wp-on-async-window--resize=\"callbacks.setButtonStyles\" data-id=\"102\" src=\"https:\/\/biblsokol.org.pl\/pracownia\/wp-content\/uploads\/2025\/07\/Fot._004.jpeg\" alt=\"\" class=\"wp-image-102\" srcset=\"https:\/\/biblsokol.org.pl\/pracownia\/wp-content\/uploads\/2025\/07\/Fot._004.jpeg 1024w, https:\/\/biblsokol.org.pl\/pracownia\/wp-content\/uploads\/2025\/07\/Fot._004-300x239.jpeg 300w, https:\/\/biblsokol.org.pl\/pracownia\/wp-content\/uploads\/2025\/07\/Fot._004-768x611.jpeg 768w\" sizes=\"auto, (max-width: 1024px) 100vw, 1024px\" \/><button\n\t\t\tclass=\"lightbox-trigger\"\n\t\t\ttype=\"button\"\n\t\t\taria-haspopup=\"dialog\"\n\t\t\taria-label=\"Powi\u0119ksz\"\n\t\t\tdata-wp-init=\"callbacks.initTriggerButton\"\n\t\t\tdata-wp-on-async--click=\"actions.showLightbox\"\n\t\t\tdata-wp-style--right=\"state.imageButtonRight\"\n\t\t\tdata-wp-style--top=\"state.imageButtonTop\"\n\t\t>\n\t\t\t<svg xmlns=\"http:\/\/www.w3.org\/2000\/svg\" width=\"12\" height=\"12\" fill=\"none\" viewBox=\"0 0 12 12\">\n\t\t\t\t<path fill=\"#fff\" d=\"M2 0a2 2 0 0 0-2 2v2h1.5V2a.5.5 0 0 1 .5-.5h2V0H2Zm2 10.5H2a.5.5 0 0 1-.5-.5V8H0v2a2 2 0 0 0 2 2h2v-1.5ZM8 12v-1.5h2a.5.5 0 0 0 .5-.5V8H12v2a2 2 0 0 1-2 2H8Zm2-12a2 2 0 0 1 2 2v2h-1.5V2a.5.5 0 0 0-.5-.5H8V0h2Z\" \/>\n\t\t\t<\/svg>\n\t\t<\/button><\/figure>\n\n\n\n<figure data-wp-context=\"{&quot;imageId&quot;:&quot;69f555bca03ff&quot;}\" data-wp-interactive=\"core\/image\" class=\"wp-block-image size-large wp-lightbox-container\"><img loading=\"lazy\" decoding=\"async\" width=\"1024\" height=\"678\" data-wp-class--hide=\"state.isContentHidden\" data-wp-class--show=\"state.isContentVisible\" data-wp-init=\"callbacks.setButtonStyles\" data-wp-on-async--click=\"actions.showLightbox\" data-wp-on-async--load=\"callbacks.setButtonStyles\" data-wp-on-async-window--resize=\"callbacks.setButtonStyles\" data-id=\"103\" src=\"https:\/\/biblsokol.org.pl\/pracownia\/wp-content\/uploads\/2025\/07\/Fot._005.jpeg\" alt=\"\" class=\"wp-image-103\" srcset=\"https:\/\/biblsokol.org.pl\/pracownia\/wp-content\/uploads\/2025\/07\/Fot._005.jpeg 1024w, https:\/\/biblsokol.org.pl\/pracownia\/wp-content\/uploads\/2025\/07\/Fot._005-300x199.jpeg 300w, https:\/\/biblsokol.org.pl\/pracownia\/wp-content\/uploads\/2025\/07\/Fot._005-768x509.jpeg 768w\" sizes=\"auto, (max-width: 1024px) 100vw, 1024px\" \/><button\n\t\t\tclass=\"lightbox-trigger\"\n\t\t\ttype=\"button\"\n\t\t\taria-haspopup=\"dialog\"\n\t\t\taria-label=\"Powi\u0119ksz\"\n\t\t\tdata-wp-init=\"callbacks.initTriggerButton\"\n\t\t\tdata-wp-on-async--click=\"actions.showLightbox\"\n\t\t\tdata-wp-style--right=\"state.imageButtonRight\"\n\t\t\tdata-wp-style--top=\"state.imageButtonTop\"\n\t\t>\n\t\t\t<svg xmlns=\"http:\/\/www.w3.org\/2000\/svg\" width=\"12\" height=\"12\" fill=\"none\" viewBox=\"0 0 12 12\">\n\t\t\t\t<path fill=\"#fff\" d=\"M2 0a2 2 0 0 0-2 2v2h1.5V2a.5.5 0 0 1 .5-.5h2V0H2Zm2 10.5H2a.5.5 0 0 1-.5-.5V8H0v2a2 2 0 0 0 2 2h2v-1.5ZM8 12v-1.5h2a.5.5 0 0 0 .5-.5V8H12v2a2 2 0 0 1-2 2H8Zm2-12a2 2 0 0 1 2 2v2h-1.5V2a.5.5 0 0 0-.5-.5H8V0h2Z\" \/>\n\t\t\t<\/svg>\n\t\t<\/button><\/figure>\n<\/figure>\n\n\n\n<div style=\"height:30px\" aria-hidden=\"true\" class=\"wp-block-spacer\"><\/div>\n\n\n\n<p class=\"has-text-align-center\">Je\u017celi chcieliby Pa\u0144stwo uzupe\u0142ni\u0107 lub poprawi\u0107 podane przez nas informacje, prosimy o kontakt:<\/p>\n\n\n\n<p class=\"has-text-align-center\"><strong>Miejska Biblioteka Publiczna<br>Pracownia Dokumentacji Dziej\u00f3w Miasta<br>08-300 Soko\u0142\u00f3w Podlaski<br>ul. Kolejowa 7A<\/strong><\/p>\n\n\n\n<p class=\"has-text-align-center\"><strong><a href=\"mailto:pracownia@biblsokol.org.pl\">pracownia@biblsokol.org.pl<\/a><br>25 781 77 51<br><a href=\"https:\/\/www.google.com\/maps\/place\/Kolejowa+7a,+08-300+Soko%C5%82%C3%B3w+Podlaski\/@52.4102518,22.2256749,18z\/data=!4m13!1m7!3m6!1s0x471f6c0940ef8bef:0x3e083070bfd26d3!2sKolejowa+7a,+08-300+Soko%C5%82%C3%B3w+Podlaski!3b1!8m2!3d52.410566!4d22.2273969!3m4!1s0x471f6c0940ef8bef:0x3e083070bfd26d3!8m2!3d52.410566!4d22.2273969\" target=\"_blank\" rel=\"noreferrer noopener\">Zobacz na mapie<\/a><\/strong><\/p>\n","protected":false},"excerpt":{"rendered":"<p>Dzie\u0144 Targowy na Du\u017cym Rynku Do roku 1939 \u015bcis\u0142e centrum Soko\u0142owa pe\u0142ni\u0142o istotne funkcje zwi\u0105zane z handlem, komunikacj\u0105 oraz by\u0142o miejscem zgromadze\u0144 mieszka\u0144c\u00f3w podczas wa\u017cnych uroczysto\u015bci pa\u0144stwowych. W okresie mi\u0119dzywojennym placu nadano honorow\u0105 nazw\u0119 od imienia ks. Stanis\u0142awa Brz\u00f3ski. Je\u017celi chcieliby Pa\u0144stwo uzupe\u0142ni\u0107 lub poprawi\u0107 podane przez nas informacje, prosimy o kontakt: Miejska Biblioteka PublicznaPracownia [&hellip;]<\/p>\n","protected":false},"author":1,"featured_media":0,"parent":0,"menu_order":0,"comment_status":"closed","ping_status":"closed","template":"","meta":{"_acf_changed":false,"footnotes":""},"class_list":["post-67","page","type-page","status-publish","hentry"],"acf":[],"yoast_head":"<!-- This site is optimized with the Yoast SEO plugin v27.4 - https:\/\/yoast.com\/product\/yoast-seo-wordpress\/ -->\n<title>Dzie\u0144 Targowy na Du\u017cym Rynku -<\/title>\n<meta name=\"robots\" content=\"noindex, follow, max-snippet:-1, max-image-preview:large, max-video-preview:-1\" \/>\n<meta property=\"og:locale\" content=\"pl_PL\" \/>\n<meta property=\"og:type\" content=\"article\" \/>\n<meta property=\"og:title\" content=\"Dzie\u0144 Targowy na Du\u017cym Rynku -\" \/>\n<meta property=\"og:description\" content=\"Dzie\u0144 Targowy na Du\u017cym Rynku Do roku 1939 \u015bcis\u0142e centrum Soko\u0142owa pe\u0142ni\u0142o istotne funkcje zwi\u0105zane z handlem, komunikacj\u0105 oraz by\u0142o miejscem zgromadze\u0144 mieszka\u0144c\u00f3w podczas wa\u017cnych uroczysto\u015bci pa\u0144stwowych. W okresie mi\u0119dzywojennym placu nadano honorow\u0105 nazw\u0119 od imienia ks. Stanis\u0142awa Brz\u00f3ski. Je\u017celi chcieliby Pa\u0144stwo uzupe\u0142ni\u0107 lub poprawi\u0107 podane przez nas informacje, prosimy o kontakt: Miejska Biblioteka PublicznaPracownia [&hellip;]\" \/>\n<meta property=\"og:url\" content=\"https:\/\/biblsokol.org.pl\/pracownia\/dzien-targowy-na-duzym-rynku\/\" \/>\n<meta property=\"article:publisher\" content=\"https:\/\/www.facebook.com\/people\/Pracownia-Dokumentacji-Dziejw-Miasta-Sokow-Podlaski\/61556279055093\/\" \/>\n<meta property=\"article:modified_time\" content=\"2025-08-22T08:42:24+00:00\" \/>\n<meta property=\"og:image\" content=\"https:\/\/biblsokol.org.pl\/pracownia\/wp-content\/uploads\/2025\/07\/Fot._001.jpg\" \/>\n<meta name=\"twitter:card\" content=\"summary_large_image\" \/>\n<script type=\"application\/ld+json\" class=\"yoast-schema-graph\">{\"@context\":\"https:\\\/\\\/schema.org\",\"@graph\":[{\"@type\":\"WebPage\",\"@id\":\"https:\\\/\\\/biblsokol.org.pl\\\/pracownia\\\/dzien-targowy-na-duzym-rynku\\\/\",\"url\":\"https:\\\/\\\/biblsokol.org.pl\\\/pracownia\\\/dzien-targowy-na-duzym-rynku\\\/\",\"name\":\"Dzie\u0144 Targowy na Du\u017cym Rynku -\",\"isPartOf\":{\"@id\":\"https:\\\/\\\/biblsokol.org.pl\\\/pracownia\\\/#website\"},\"primaryImageOfPage\":{\"@id\":\"https:\\\/\\\/biblsokol.org.pl\\\/pracownia\\\/dzien-targowy-na-duzym-rynku\\\/#primaryimage\"},\"image\":{\"@id\":\"https:\\\/\\\/biblsokol.org.pl\\\/pracownia\\\/dzien-targowy-na-duzym-rynku\\\/#primaryimage\"},\"thumbnailUrl\":\"https:\\\/\\\/biblsokol.org.pl\\\/pracownia\\\/wp-content\\\/uploads\\\/2025\\\/07\\\/Fot._001.jpg\",\"datePublished\":\"2025-07-24T07:20:22+00:00\",\"dateModified\":\"2025-08-22T08:42:24+00:00\",\"breadcrumb\":{\"@id\":\"https:\\\/\\\/biblsokol.org.pl\\\/pracownia\\\/dzien-targowy-na-duzym-rynku\\\/#breadcrumb\"},\"inLanguage\":\"pl-PL\",\"potentialAction\":[{\"@type\":\"ReadAction\",\"target\":[\"https:\\\/\\\/biblsokol.org.pl\\\/pracownia\\\/dzien-targowy-na-duzym-rynku\\\/\"]}]},{\"@type\":\"ImageObject\",\"inLanguage\":\"pl-PL\",\"@id\":\"https:\\\/\\\/biblsokol.org.pl\\\/pracownia\\\/dzien-targowy-na-duzym-rynku\\\/#primaryimage\",\"url\":\"https:\\\/\\\/biblsokol.org.pl\\\/pracownia\\\/wp-content\\\/uploads\\\/2025\\\/07\\\/Fot._001.jpg\",\"contentUrl\":\"https:\\\/\\\/biblsokol.org.pl\\\/pracownia\\\/wp-content\\\/uploads\\\/2025\\\/07\\\/Fot._001.jpg\",\"width\":1024,\"height\":728},{\"@type\":\"BreadcrumbList\",\"@id\":\"https:\\\/\\\/biblsokol.org.pl\\\/pracownia\\\/dzien-targowy-na-duzym-rynku\\\/#breadcrumb\",\"itemListElement\":[{\"@type\":\"ListItem\",\"position\":1,\"name\":\"Strona g\u0142\u00f3wna\",\"item\":\"https:\\\/\\\/biblsokol.org.pl\\\/pracownia\\\/\"},{\"@type\":\"ListItem\",\"position\":2,\"name\":\"Dzie\u0144 Targowy na&nbsp;Du\u017cym Rynku\"}]},{\"@type\":\"WebSite\",\"@id\":\"https:\\\/\\\/biblsokol.org.pl\\\/pracownia\\\/#website\",\"url\":\"https:\\\/\\\/biblsokol.org.pl\\\/pracownia\\\/\",\"name\":\"biblsokol.org.pl\\\/pracownia\\\/\",\"description\":\"\",\"publisher\":{\"@id\":\"https:\\\/\\\/biblsokol.org.pl\\\/pracownia\\\/#organization\"},\"potentialAction\":[{\"@type\":\"SearchAction\",\"target\":{\"@type\":\"EntryPoint\",\"urlTemplate\":\"https:\\\/\\\/biblsokol.org.pl\\\/pracownia\\\/?s={search_term_string}\"},\"query-input\":{\"@type\":\"PropertyValueSpecification\",\"valueRequired\":true,\"valueName\":\"search_term_string\"}}],\"inLanguage\":\"pl-PL\"},{\"@type\":\"Organization\",\"@id\":\"https:\\\/\\\/biblsokol.org.pl\\\/pracownia\\\/#organization\",\"name\":\"Pracownia Dokumentacji Dziej\u00f3w Miasta\",\"url\":\"https:\\\/\\\/biblsokol.org.pl\\\/pracownia\\\/\",\"logo\":{\"@type\":\"ImageObject\",\"inLanguage\":\"pl-PL\",\"@id\":\"https:\\\/\\\/biblsokol.org.pl\\\/pracownia\\\/#\\\/schema\\\/logo\\\/image\\\/\",\"url\":\"https:\\\/\\\/biblsokol.org.pl\\\/pracownia\\\/wp-content\\\/uploads\\\/2025\\\/07\\\/logo-pracowni.jpg\",\"contentUrl\":\"https:\\\/\\\/biblsokol.org.pl\\\/pracownia\\\/wp-content\\\/uploads\\\/2025\\\/07\\\/logo-pracowni.jpg\",\"width\":267,\"height\":70,\"caption\":\"Pracownia Dokumentacji Dziej\u00f3w Miasta\"},\"image\":{\"@id\":\"https:\\\/\\\/biblsokol.org.pl\\\/pracownia\\\/#\\\/schema\\\/logo\\\/image\\\/\"},\"sameAs\":[\"https:\\\/\\\/www.facebook.com\\\/people\\\/Pracownia-Dokumentacji-Dziejw-Miasta-Sokow-Podlaski\\\/61556279055093\\\/\",\"https:\\\/\\\/youtube.com\\\/@INFORMBP46\\\/featured\\\/\"]}]}<\/script>\n<!-- \/ Yoast SEO plugin. -->","yoast_head_json":{"title":"Dzie\u0144 Targowy na Du\u017cym Rynku -","robots":{"index":"noindex","follow":"follow","max-snippet":"max-snippet:-1","max-image-preview":"max-image-preview:large","max-video-preview":"max-video-preview:-1"},"og_locale":"pl_PL","og_type":"article","og_title":"Dzie\u0144 Targowy na Du\u017cym Rynku -","og_description":"Dzie\u0144 Targowy na Du\u017cym Rynku Do roku 1939 \u015bcis\u0142e centrum Soko\u0142owa pe\u0142ni\u0142o istotne funkcje zwi\u0105zane z handlem, komunikacj\u0105 oraz by\u0142o miejscem zgromadze\u0144 mieszka\u0144c\u00f3w podczas wa\u017cnych uroczysto\u015bci pa\u0144stwowych. W okresie mi\u0119dzywojennym placu nadano honorow\u0105 nazw\u0119 od imienia ks. Stanis\u0142awa Brz\u00f3ski. Je\u017celi chcieliby Pa\u0144stwo uzupe\u0142ni\u0107 lub poprawi\u0107 podane przez nas informacje, prosimy o kontakt: Miejska Biblioteka PublicznaPracownia [&hellip;]","og_url":"https:\/\/biblsokol.org.pl\/pracownia\/dzien-targowy-na-duzym-rynku\/","article_publisher":"https:\/\/www.facebook.com\/people\/Pracownia-Dokumentacji-Dziejw-Miasta-Sokow-Podlaski\/61556279055093\/","article_modified_time":"2025-08-22T08:42:24+00:00","og_image":[{"url":"https:\/\/biblsokol.org.pl\/pracownia\/wp-content\/uploads\/2025\/07\/Fot._001.jpg","type":"","width":"","height":""}],"twitter_card":"summary_large_image","schema":{"@context":"https:\/\/schema.org","@graph":[{"@type":"WebPage","@id":"https:\/\/biblsokol.org.pl\/pracownia\/dzien-targowy-na-duzym-rynku\/","url":"https:\/\/biblsokol.org.pl\/pracownia\/dzien-targowy-na-duzym-rynku\/","name":"Dzie\u0144 Targowy na Du\u017cym Rynku -","isPartOf":{"@id":"https:\/\/biblsokol.org.pl\/pracownia\/#website"},"primaryImageOfPage":{"@id":"https:\/\/biblsokol.org.pl\/pracownia\/dzien-targowy-na-duzym-rynku\/#primaryimage"},"image":{"@id":"https:\/\/biblsokol.org.pl\/pracownia\/dzien-targowy-na-duzym-rynku\/#primaryimage"},"thumbnailUrl":"https:\/\/biblsokol.org.pl\/pracownia\/wp-content\/uploads\/2025\/07\/Fot._001.jpg","datePublished":"2025-07-24T07:20:22+00:00","dateModified":"2025-08-22T08:42:24+00:00","breadcrumb":{"@id":"https:\/\/biblsokol.org.pl\/pracownia\/dzien-targowy-na-duzym-rynku\/#breadcrumb"},"inLanguage":"pl-PL","potentialAction":[{"@type":"ReadAction","target":["https:\/\/biblsokol.org.pl\/pracownia\/dzien-targowy-na-duzym-rynku\/"]}]},{"@type":"ImageObject","inLanguage":"pl-PL","@id":"https:\/\/biblsokol.org.pl\/pracownia\/dzien-targowy-na-duzym-rynku\/#primaryimage","url":"https:\/\/biblsokol.org.pl\/pracownia\/wp-content\/uploads\/2025\/07\/Fot._001.jpg","contentUrl":"https:\/\/biblsokol.org.pl\/pracownia\/wp-content\/uploads\/2025\/07\/Fot._001.jpg","width":1024,"height":728},{"@type":"BreadcrumbList","@id":"https:\/\/biblsokol.org.pl\/pracownia\/dzien-targowy-na-duzym-rynku\/#breadcrumb","itemListElement":[{"@type":"ListItem","position":1,"name":"Strona g\u0142\u00f3wna","item":"https:\/\/biblsokol.org.pl\/pracownia\/"},{"@type":"ListItem","position":2,"name":"Dzie\u0144 Targowy na&nbsp;Du\u017cym Rynku"}]},{"@type":"WebSite","@id":"https:\/\/biblsokol.org.pl\/pracownia\/#website","url":"https:\/\/biblsokol.org.pl\/pracownia\/","name":"biblsokol.org.pl\/pracownia\/","description":"","publisher":{"@id":"https:\/\/biblsokol.org.pl\/pracownia\/#organization"},"potentialAction":[{"@type":"SearchAction","target":{"@type":"EntryPoint","urlTemplate":"https:\/\/biblsokol.org.pl\/pracownia\/?s={search_term_string}"},"query-input":{"@type":"PropertyValueSpecification","valueRequired":true,"valueName":"search_term_string"}}],"inLanguage":"pl-PL"},{"@type":"Organization","@id":"https:\/\/biblsokol.org.pl\/pracownia\/#organization","name":"Pracownia Dokumentacji Dziej\u00f3w Miasta","url":"https:\/\/biblsokol.org.pl\/pracownia\/","logo":{"@type":"ImageObject","inLanguage":"pl-PL","@id":"https:\/\/biblsokol.org.pl\/pracownia\/#\/schema\/logo\/image\/","url":"https:\/\/biblsokol.org.pl\/pracownia\/wp-content\/uploads\/2025\/07\/logo-pracowni.jpg","contentUrl":"https:\/\/biblsokol.org.pl\/pracownia\/wp-content\/uploads\/2025\/07\/logo-pracowni.jpg","width":267,"height":70,"caption":"Pracownia Dokumentacji Dziej\u00f3w Miasta"},"image":{"@id":"https:\/\/biblsokol.org.pl\/pracownia\/#\/schema\/logo\/image\/"},"sameAs":["https:\/\/www.facebook.com\/people\/Pracownia-Dokumentacji-Dziejw-Miasta-Sokow-Podlaski\/61556279055093\/","https:\/\/youtube.com\/@INFORMBP46\/featured\/"]}]}},"_links":{"self":[{"href":"https:\/\/biblsokol.org.pl\/pracownia\/wp-json\/wp\/v2\/pages\/67","targetHints":{"allow":["GET"]}}],"collection":[{"href":"https:\/\/biblsokol.org.pl\/pracownia\/wp-json\/wp\/v2\/pages"}],"about":[{"href":"https:\/\/biblsokol.org.pl\/pracownia\/wp-json\/wp\/v2\/types\/page"}],"author":[{"embeddable":true,"href":"https:\/\/biblsokol.org.pl\/pracownia\/wp-json\/wp\/v2\/users\/1"}],"replies":[{"embeddable":true,"href":"https:\/\/biblsokol.org.pl\/pracownia\/wp-json\/wp\/v2\/comments?post=67"}],"version-history":[{"count":6,"href":"https:\/\/biblsokol.org.pl\/pracownia\/wp-json\/wp\/v2\/pages\/67\/revisions"}],"predecessor-version":[{"id":2729,"href":"https:\/\/biblsokol.org.pl\/pracownia\/wp-json\/wp\/v2\/pages\/67\/revisions\/2729"}],"wp:attachment":[{"href":"https:\/\/biblsokol.org.pl\/pracownia\/wp-json\/wp\/v2\/media?parent=67"}],"curies":[{"name":"wp","href":"https:\/\/api.w.org\/{rel}","templated":true}]}}