{"id":169,"date":"2025-07-25T06:35:00","date_gmt":"2025-07-25T04:35:00","guid":{"rendered":"https:\/\/biblsokol.org.pl\/pracownia\/?page_id=169"},"modified":"2025-08-22T10:37:34","modified_gmt":"2025-08-22T08:37:34","slug":"dom-rabina-przy-ulicy-pieknej","status":"publish","type":"page","link":"https:\/\/biblsokol.org.pl\/pracownia\/fotografie-dawnego-sokolowa\/dom-rabina-przy-ulicy-pieknej\/","title":{"rendered":"Dom Rabina przy ulicy Pi\u0119knej"},"content":{"rendered":"\n<div style=\"height:30px\" aria-hidden=\"true\" class=\"wp-block-spacer\"><\/div>\n\n\n\n<h2 class=\"wp-block-heading has-text-align-left\">Dom Rabina przy ulicy Pi\u0119knej<\/h2>\n\n\n\n<p>W budynku przy ul. Pi\u0119knej 2 przed wybuchem II wojny \u015bwiatowej mieszka\u0142 rabina Moj\u017cesz Morgerstern syn Izaaka Morgersterna. Dom Rabina zosta\u0142 zbudowany na pocz\u0105tku XX w. Budynek opr\u00f3cz mieszkania mie\u015bci\u0142 uczelni\u0119 religijn\u0105 (jesziw\u0119) o charakterze szko\u0142y \u015bredniej, przeznaczon\u0105 dla ch\u0142opc\u00f3w, kt\u00f3rzy uko\u0144czyli 13 lat. Studiowali tu Tor\u0119 i zaznajamiali si\u0119 z Talmudem. W czasie wojny mie\u015bci\u0142y si\u0119 w nim biura Rolniczo-Handlowej Sp\u00f3\u0142dzielni i Kasa Stefczyka, a po wojnie w budynku swoj\u0105 siedzib\u0119 mia\u0142 Powiatowy Zwi\u0105zek Gminnych Sp\u00f3\u0142dzielni. Obecnie w budynku przy ul. Pi\u0119knej mie\u015bci si\u0119 restauracja Bistro Prosto od Serca.<\/p>\n\n\n\n<figure class=\"wp-block-gallery has-nested-images columns-default is-cropped cm-gallery wp-block-gallery-1 is-layout-flex wp-block-gallery-is-layout-flex\">\n<figure data-wp-context=\"{&quot;imageId&quot;:&quot;6a05a35c8d8d8&quot;}\" data-wp-interactive=\"core\/image\" class=\"wp-block-image size-large wp-lightbox-container\"><img loading=\"lazy\" decoding=\"async\" width=\"1024\" height=\"541\" data-wp-class--hide=\"state.isContentHidden\" data-wp-class--show=\"state.isContentVisible\" data-wp-init=\"callbacks.setButtonStyles\" data-wp-on-async--click=\"actions.showLightbox\" data-wp-on-async--load=\"callbacks.setButtonStyles\" data-wp-on-async-window--resize=\"callbacks.setButtonStyles\" data-id=\"766\" src=\"https:\/\/biblsokol.org.pl\/pracownia\/wp-content\/uploads\/2025\/07\/1_Dom_Rabina_przy_ulicy_Pieknej-1024x541.jpg\" alt=\"\" class=\"wp-image-766\" srcset=\"https:\/\/biblsokol.org.pl\/pracownia\/wp-content\/uploads\/2025\/07\/1_Dom_Rabina_przy_ulicy_Pieknej-1024x541.jpg 1024w, https:\/\/biblsokol.org.pl\/pracownia\/wp-content\/uploads\/2025\/07\/1_Dom_Rabina_przy_ulicy_Pieknej-300x159.jpg 300w, https:\/\/biblsokol.org.pl\/pracownia\/wp-content\/uploads\/2025\/07\/1_Dom_Rabina_przy_ulicy_Pieknej-768x406.jpg 768w, https:\/\/biblsokol.org.pl\/pracownia\/wp-content\/uploads\/2025\/07\/1_Dom_Rabina_przy_ulicy_Pieknej-1536x812.jpg 1536w, https:\/\/biblsokol.org.pl\/pracownia\/wp-content\/uploads\/2025\/07\/1_Dom_Rabina_przy_ulicy_Pieknej.jpg 1640w\" sizes=\"auto, (max-width: 1024px) 100vw, 1024px\" \/><button\n\t\t\tclass=\"lightbox-trigger\"\n\t\t\ttype=\"button\"\n\t\t\taria-haspopup=\"dialog\"\n\t\t\taria-label=\"Powi\u0119ksz\"\n\t\t\tdata-wp-init=\"callbacks.initTriggerButton\"\n\t\t\tdata-wp-on-async--click=\"actions.showLightbox\"\n\t\t\tdata-wp-style--right=\"state.imageButtonRight\"\n\t\t\tdata-wp-style--top=\"state.imageButtonTop\"\n\t\t>\n\t\t\t<svg xmlns=\"http:\/\/www.w3.org\/2000\/svg\" width=\"12\" height=\"12\" fill=\"none\" viewBox=\"0 0 12 12\">\n\t\t\t\t<path fill=\"#fff\" d=\"M2 0a2 2 0 0 0-2 2v2h1.5V2a.5.5 0 0 1 .5-.5h2V0H2Zm2 10.5H2a.5.5 0 0 1-.5-.5V8H0v2a2 2 0 0 0 2 2h2v-1.5ZM8 12v-1.5h2a.5.5 0 0 0 .5-.5V8H12v2a2 2 0 0 1-2 2H8Zm2-12a2 2 0 0 1 2 2v2h-1.5V2a.5.5 0 0 0-.5-.5H8V0h2Z\" \/>\n\t\t\t<\/svg>\n\t\t<\/button><\/figure>\n\n\n\n<figure data-wp-context=\"{&quot;imageId&quot;:&quot;6a05a35c8dea9&quot;}\" data-wp-interactive=\"core\/image\" class=\"wp-block-image size-large wp-lightbox-container\"><img loading=\"lazy\" decoding=\"async\" width=\"1024\" height=\"747\" data-wp-class--hide=\"state.isContentHidden\" data-wp-class--show=\"state.isContentVisible\" data-wp-init=\"callbacks.setButtonStyles\" data-wp-on-async--click=\"actions.showLightbox\" data-wp-on-async--load=\"callbacks.setButtonStyles\" data-wp-on-async-window--resize=\"callbacks.setButtonStyles\" data-id=\"767\" src=\"https:\/\/biblsokol.org.pl\/pracownia\/wp-content\/uploads\/2025\/07\/Fot._001-10.jpg\" alt=\"\" class=\"wp-image-767\" srcset=\"https:\/\/biblsokol.org.pl\/pracownia\/wp-content\/uploads\/2025\/07\/Fot._001-10.jpg 1024w, https:\/\/biblsokol.org.pl\/pracownia\/wp-content\/uploads\/2025\/07\/Fot._001-10-300x219.jpg 300w, https:\/\/biblsokol.org.pl\/pracownia\/wp-content\/uploads\/2025\/07\/Fot._001-10-768x560.jpg 768w\" sizes=\"auto, (max-width: 1024px) 100vw, 1024px\" \/><button\n\t\t\tclass=\"lightbox-trigger\"\n\t\t\ttype=\"button\"\n\t\t\taria-haspopup=\"dialog\"\n\t\t\taria-label=\"Powi\u0119ksz\"\n\t\t\tdata-wp-init=\"callbacks.initTriggerButton\"\n\t\t\tdata-wp-on-async--click=\"actions.showLightbox\"\n\t\t\tdata-wp-style--right=\"state.imageButtonRight\"\n\t\t\tdata-wp-style--top=\"state.imageButtonTop\"\n\t\t>\n\t\t\t<svg xmlns=\"http:\/\/www.w3.org\/2000\/svg\" width=\"12\" height=\"12\" fill=\"none\" viewBox=\"0 0 12 12\">\n\t\t\t\t<path fill=\"#fff\" d=\"M2 0a2 2 0 0 0-2 2v2h1.5V2a.5.5 0 0 1 .5-.5h2V0H2Zm2 10.5H2a.5.5 0 0 1-.5-.5V8H0v2a2 2 0 0 0 2 2h2v-1.5ZM8 12v-1.5h2a.5.5 0 0 0 .5-.5V8H12v2a2 2 0 0 1-2 2H8Zm2-12a2 2 0 0 1 2 2v2h-1.5V2a.5.5 0 0 0-.5-.5H8V0h2Z\" \/>\n\t\t\t<\/svg>\n\t\t<\/button><\/figure>\n\n\n\n<figure data-wp-context=\"{&quot;imageId&quot;:&quot;6a05a35c8e241&quot;}\" data-wp-interactive=\"core\/image\" class=\"wp-block-image size-large wp-lightbox-container\"><img loading=\"lazy\" decoding=\"async\" width=\"1024\" height=\"673\" data-wp-class--hide=\"state.isContentHidden\" data-wp-class--show=\"state.isContentVisible\" data-wp-init=\"callbacks.setButtonStyles\" data-wp-on-async--click=\"actions.showLightbox\" data-wp-on-async--load=\"callbacks.setButtonStyles\" data-wp-on-async-window--resize=\"callbacks.setButtonStyles\" data-id=\"769\" src=\"https:\/\/biblsokol.org.pl\/pracownia\/wp-content\/uploads\/2025\/07\/Fot._002-10.jpg\" alt=\"\" class=\"wp-image-769\" srcset=\"https:\/\/biblsokol.org.pl\/pracownia\/wp-content\/uploads\/2025\/07\/Fot._002-10.jpg 1024w, https:\/\/biblsokol.org.pl\/pracownia\/wp-content\/uploads\/2025\/07\/Fot._002-10-300x197.jpg 300w, https:\/\/biblsokol.org.pl\/pracownia\/wp-content\/uploads\/2025\/07\/Fot._002-10-768x505.jpg 768w\" sizes=\"auto, (max-width: 1024px) 100vw, 1024px\" \/><button\n\t\t\tclass=\"lightbox-trigger\"\n\t\t\ttype=\"button\"\n\t\t\taria-haspopup=\"dialog\"\n\t\t\taria-label=\"Powi\u0119ksz\"\n\t\t\tdata-wp-init=\"callbacks.initTriggerButton\"\n\t\t\tdata-wp-on-async--click=\"actions.showLightbox\"\n\t\t\tdata-wp-style--right=\"state.imageButtonRight\"\n\t\t\tdata-wp-style--top=\"state.imageButtonTop\"\n\t\t>\n\t\t\t<svg xmlns=\"http:\/\/www.w3.org\/2000\/svg\" width=\"12\" height=\"12\" fill=\"none\" viewBox=\"0 0 12 12\">\n\t\t\t\t<path fill=\"#fff\" d=\"M2 0a2 2 0 0 0-2 2v2h1.5V2a.5.5 0 0 1 .5-.5h2V0H2Zm2 10.5H2a.5.5 0 0 1-.5-.5V8H0v2a2 2 0 0 0 2 2h2v-1.5ZM8 12v-1.5h2a.5.5 0 0 0 .5-.5V8H12v2a2 2 0 0 1-2 2H8Zm2-12a2 2 0 0 1 2 2v2h-1.5V2a.5.5 0 0 0-.5-.5H8V0h2Z\" \/>\n\t\t\t<\/svg>\n\t\t<\/button><\/figure>\n\n\n\n<figure data-wp-context=\"{&quot;imageId&quot;:&quot;6a05a35c8e59e&quot;}\" data-wp-interactive=\"core\/image\" class=\"wp-block-image size-large wp-lightbox-container\"><img loading=\"lazy\" decoding=\"async\" width=\"1024\" height=\"668\" data-wp-class--hide=\"state.isContentHidden\" data-wp-class--show=\"state.isContentVisible\" data-wp-init=\"callbacks.setButtonStyles\" data-wp-on-async--click=\"actions.showLightbox\" data-wp-on-async--load=\"callbacks.setButtonStyles\" data-wp-on-async-window--resize=\"callbacks.setButtonStyles\" data-id=\"768\" src=\"https:\/\/biblsokol.org.pl\/pracownia\/wp-content\/uploads\/2025\/07\/Fot._003-9.jpg\" alt=\"\" class=\"wp-image-768\" srcset=\"https:\/\/biblsokol.org.pl\/pracownia\/wp-content\/uploads\/2025\/07\/Fot._003-9.jpg 1024w, https:\/\/biblsokol.org.pl\/pracownia\/wp-content\/uploads\/2025\/07\/Fot._003-9-300x196.jpg 300w, https:\/\/biblsokol.org.pl\/pracownia\/wp-content\/uploads\/2025\/07\/Fot._003-9-768x501.jpg 768w\" sizes=\"auto, (max-width: 1024px) 100vw, 1024px\" \/><button\n\t\t\tclass=\"lightbox-trigger\"\n\t\t\ttype=\"button\"\n\t\t\taria-haspopup=\"dialog\"\n\t\t\taria-label=\"Powi\u0119ksz\"\n\t\t\tdata-wp-init=\"callbacks.initTriggerButton\"\n\t\t\tdata-wp-on-async--click=\"actions.showLightbox\"\n\t\t\tdata-wp-style--right=\"state.imageButtonRight\"\n\t\t\tdata-wp-style--top=\"state.imageButtonTop\"\n\t\t>\n\t\t\t<svg xmlns=\"http:\/\/www.w3.org\/2000\/svg\" width=\"12\" height=\"12\" fill=\"none\" viewBox=\"0 0 12 12\">\n\t\t\t\t<path fill=\"#fff\" d=\"M2 0a2 2 0 0 0-2 2v2h1.5V2a.5.5 0 0 1 .5-.5h2V0H2Zm2 10.5H2a.5.5 0 0 1-.5-.5V8H0v2a2 2 0 0 0 2 2h2v-1.5ZM8 12v-1.5h2a.5.5 0 0 0 .5-.5V8H12v2a2 2 0 0 1-2 2H8Zm2-12a2 2 0 0 1 2 2v2h-1.5V2a.5.5 0 0 0-.5-.5H8V0h2Z\" \/>\n\t\t\t<\/svg>\n\t\t<\/button><\/figure>\n\n\n\n<figure data-wp-context=\"{&quot;imageId&quot;:&quot;6a05a35c8e925&quot;}\" data-wp-interactive=\"core\/image\" class=\"wp-block-image size-large wp-lightbox-container\"><img loading=\"lazy\" decoding=\"async\" width=\"1024\" height=\"681\" data-wp-class--hide=\"state.isContentHidden\" data-wp-class--show=\"state.isContentVisible\" data-wp-init=\"callbacks.setButtonStyles\" data-wp-on-async--click=\"actions.showLightbox\" data-wp-on-async--load=\"callbacks.setButtonStyles\" data-wp-on-async-window--resize=\"callbacks.setButtonStyles\" data-id=\"770\" src=\"https:\/\/biblsokol.org.pl\/pracownia\/wp-content\/uploads\/2025\/07\/Fot._004-8.jpg\" alt=\"\" class=\"wp-image-770\" srcset=\"https:\/\/biblsokol.org.pl\/pracownia\/wp-content\/uploads\/2025\/07\/Fot._004-8.jpg 1024w, https:\/\/biblsokol.org.pl\/pracownia\/wp-content\/uploads\/2025\/07\/Fot._004-8-300x200.jpg 300w, https:\/\/biblsokol.org.pl\/pracownia\/wp-content\/uploads\/2025\/07\/Fot._004-8-768x511.jpg 768w\" sizes=\"auto, (max-width: 1024px) 100vw, 1024px\" \/><button\n\t\t\tclass=\"lightbox-trigger\"\n\t\t\ttype=\"button\"\n\t\t\taria-haspopup=\"dialog\"\n\t\t\taria-label=\"Powi\u0119ksz\"\n\t\t\tdata-wp-init=\"callbacks.initTriggerButton\"\n\t\t\tdata-wp-on-async--click=\"actions.showLightbox\"\n\t\t\tdata-wp-style--right=\"state.imageButtonRight\"\n\t\t\tdata-wp-style--top=\"state.imageButtonTop\"\n\t\t>\n\t\t\t<svg xmlns=\"http:\/\/www.w3.org\/2000\/svg\" width=\"12\" height=\"12\" fill=\"none\" viewBox=\"0 0 12 12\">\n\t\t\t\t<path fill=\"#fff\" d=\"M2 0a2 2 0 0 0-2 2v2h1.5V2a.5.5 0 0 1 .5-.5h2V0H2Zm2 10.5H2a.5.5 0 0 1-.5-.5V8H0v2a2 2 0 0 0 2 2h2v-1.5ZM8 12v-1.5h2a.5.5 0 0 0 .5-.5V8H12v2a2 2 0 0 1-2 2H8Zm2-12a2 2 0 0 1 2 2v2h-1.5V2a.5.5 0 0 0-.5-.5H8V0h2Z\" \/>\n\t\t\t<\/svg>\n\t\t<\/button><\/figure>\n\n\n\n<figure data-wp-context=\"{&quot;imageId&quot;:&quot;6a05a35c8ec4a&quot;}\" data-wp-interactive=\"core\/image\" class=\"wp-block-image size-large wp-lightbox-container\"><img loading=\"lazy\" decoding=\"async\" width=\"1024\" height=\"692\" data-wp-class--hide=\"state.isContentHidden\" data-wp-class--show=\"state.isContentVisible\" data-wp-init=\"callbacks.setButtonStyles\" data-wp-on-async--click=\"actions.showLightbox\" data-wp-on-async--load=\"callbacks.setButtonStyles\" data-wp-on-async-window--resize=\"callbacks.setButtonStyles\" data-id=\"771\" src=\"https:\/\/biblsokol.org.pl\/pracownia\/wp-content\/uploads\/2025\/07\/Fot._005-9.jpg\" alt=\"\" class=\"wp-image-771\" srcset=\"https:\/\/biblsokol.org.pl\/pracownia\/wp-content\/uploads\/2025\/07\/Fot._005-9.jpg 1024w, https:\/\/biblsokol.org.pl\/pracownia\/wp-content\/uploads\/2025\/07\/Fot._005-9-300x203.jpg 300w, https:\/\/biblsokol.org.pl\/pracownia\/wp-content\/uploads\/2025\/07\/Fot._005-9-768x519.jpg 768w\" sizes=\"auto, (max-width: 1024px) 100vw, 1024px\" \/><button\n\t\t\tclass=\"lightbox-trigger\"\n\t\t\ttype=\"button\"\n\t\t\taria-haspopup=\"dialog\"\n\t\t\taria-label=\"Powi\u0119ksz\"\n\t\t\tdata-wp-init=\"callbacks.initTriggerButton\"\n\t\t\tdata-wp-on-async--click=\"actions.showLightbox\"\n\t\t\tdata-wp-style--right=\"state.imageButtonRight\"\n\t\t\tdata-wp-style--top=\"state.imageButtonTop\"\n\t\t>\n\t\t\t<svg xmlns=\"http:\/\/www.w3.org\/2000\/svg\" width=\"12\" height=\"12\" fill=\"none\" viewBox=\"0 0 12 12\">\n\t\t\t\t<path fill=\"#fff\" d=\"M2 0a2 2 0 0 0-2 2v2h1.5V2a.5.5 0 0 1 .5-.5h2V0H2Zm2 10.5H2a.5.5 0 0 1-.5-.5V8H0v2a2 2 0 0 0 2 2h2v-1.5ZM8 12v-1.5h2a.5.5 0 0 0 .5-.5V8H12v2a2 2 0 0 1-2 2H8Zm2-12a2 2 0 0 1 2 2v2h-1.5V2a.5.5 0 0 0-.5-.5H8V0h2Z\" \/>\n\t\t\t<\/svg>\n\t\t<\/button><\/figure>\n<\/figure>\n\n\n\n<div style=\"height:30px\" aria-hidden=\"true\" class=\"wp-block-spacer\"><\/div>\n\n\n\n<p class=\"has-text-align-center\">Je\u017celi chcieliby Pa\u0144stwo uzupe\u0142ni\u0107 lub poprawi\u0107 podane przez nas informacje, prosimy o kontakt:<\/p>\n\n\n\n<p class=\"has-text-align-center\"><strong>Miejska Biblioteka Publiczna<br>Pracownia Dokumentacji Dziej\u00f3w Miasta<\/strong><br><strong>08-300 Soko\u0142\u00f3w Podlaski<\/strong><br><strong>ul. Kolejowa 7A<\/strong><\/p>\n\n\n\n<p class=\"has-text-align-center\"><a href=\"mailto:pracownia@biblsokol.org.pl\"><strong>pracownia@biblsokol.org.pl<\/strong><\/a><br><strong>25 781 77 51<\/strong><br><a href=\"https:\/\/www.google.com\/maps\/place\/Kolejowa+7a,+08-300+Soko%C5%82%C3%B3w+Podlaski\/@52.4102518,22.2256749,18z\/data=!4m13!1m7!3m6!1s0x471f6c0940ef8bef:0x3e083070bfd26d3!2sKolejowa+7a,+08-300+Soko%C5%82%C3%B3w+Podlaski!3b1!8m2!3d52.410566!4d22.2273969!3m4!1s0x471f6c0940ef8bef:0x3e083070bfd26d3!8m2!3d52.410566!4d22.2273969\" target=\"_blank\" rel=\"noreferrer noopener\"><strong>Zobacz na mapie<\/strong><\/a><\/p>\n","protected":false},"excerpt":{"rendered":"<p>Dom Rabina przy ulicy Pi\u0119knej W budynku przy ul. Pi\u0119knej 2 przed wybuchem II wojny \u015bwiatowej mieszka\u0142 rabina Moj\u017cesz Morgerstern syn Izaaka Morgersterna. Dom Rabina zosta\u0142 zbudowany na pocz\u0105tku XX w. Budynek opr\u00f3cz mieszkania mie\u015bci\u0142 uczelni\u0119 religijn\u0105 (jesziw\u0119) o charakterze szko\u0142y \u015bredniej, przeznaczon\u0105 dla ch\u0142opc\u00f3w, kt\u00f3rzy uko\u0144czyli 13 lat. Studiowali tu Tor\u0119 i zaznajamiali si\u0119 [&hellip;]<\/p>\n","protected":false},"author":1,"featured_media":0,"parent":15,"menu_order":0,"comment_status":"closed","ping_status":"closed","template":"","meta":{"_acf_changed":false,"footnotes":""},"class_list":["post-169","page","type-page","status-publish","hentry"],"acf":[],"yoast_head":"<!-- This site is optimized with the Yoast SEO plugin v27.4 - https:\/\/yoast.com\/product\/yoast-seo-wordpress\/ -->\n<title>Dom Rabina przy ulicy Pi\u0119knej -<\/title>\n<meta name=\"robots\" content=\"noindex, follow, max-snippet:-1, max-image-preview:large, max-video-preview:-1\" \/>\n<meta property=\"og:locale\" content=\"pl_PL\" \/>\n<meta property=\"og:type\" content=\"article\" \/>\n<meta property=\"og:title\" content=\"Dom Rabina przy ulicy Pi\u0119knej -\" \/>\n<meta property=\"og:description\" content=\"Dom Rabina przy ulicy Pi\u0119knej W budynku przy ul. Pi\u0119knej 2 przed wybuchem II wojny \u015bwiatowej mieszka\u0142 rabina Moj\u017cesz Morgerstern syn Izaaka Morgersterna. Dom Rabina zosta\u0142 zbudowany na pocz\u0105tku XX w. Budynek opr\u00f3cz mieszkania mie\u015bci\u0142 uczelni\u0119 religijn\u0105 (jesziw\u0119) o charakterze szko\u0142y \u015bredniej, przeznaczon\u0105 dla ch\u0142opc\u00f3w, kt\u00f3rzy uko\u0144czyli 13 lat. Studiowali tu Tor\u0119 i zaznajamiali si\u0119 [&hellip;]\" \/>\n<meta property=\"og:url\" content=\"https:\/\/biblsokol.org.pl\/pracownia\/fotografie-dawnego-sokolowa\/dom-rabina-przy-ulicy-pieknej\/\" \/>\n<meta property=\"article:publisher\" content=\"https:\/\/www.facebook.com\/people\/Pracownia-Dokumentacji-Dziejw-Miasta-Sokow-Podlaski\/61556279055093\/\" \/>\n<meta property=\"article:modified_time\" content=\"2025-08-22T08:37:34+00:00\" \/>\n<meta property=\"og:image\" content=\"https:\/\/biblsokol.org.pl\/pracownia\/wp-content\/uploads\/2025\/07\/1_Dom_Rabina_przy_ulicy_Pieknej-1024x541.jpg\" \/>\n<meta name=\"twitter:card\" content=\"summary_large_image\" \/>\n<script type=\"application\/ld+json\" class=\"yoast-schema-graph\">{\"@context\":\"https:\\\/\\\/schema.org\",\"@graph\":[{\"@type\":\"WebPage\",\"@id\":\"https:\\\/\\\/biblsokol.org.pl\\\/pracownia\\\/fotografie-dawnego-sokolowa\\\/dom-rabina-przy-ulicy-pieknej\\\/\",\"url\":\"https:\\\/\\\/biblsokol.org.pl\\\/pracownia\\\/fotografie-dawnego-sokolowa\\\/dom-rabina-przy-ulicy-pieknej\\\/\",\"name\":\"Dom Rabina przy ulicy Pi\u0119knej -\",\"isPartOf\":{\"@id\":\"https:\\\/\\\/biblsokol.org.pl\\\/pracownia\\\/#website\"},\"primaryImageOfPage\":{\"@id\":\"https:\\\/\\\/biblsokol.org.pl\\\/pracownia\\\/fotografie-dawnego-sokolowa\\\/dom-rabina-przy-ulicy-pieknej\\\/#primaryimage\"},\"image\":{\"@id\":\"https:\\\/\\\/biblsokol.org.pl\\\/pracownia\\\/fotografie-dawnego-sokolowa\\\/dom-rabina-przy-ulicy-pieknej\\\/#primaryimage\"},\"thumbnailUrl\":\"https:\\\/\\\/biblsokol.org.pl\\\/pracownia\\\/wp-content\\\/uploads\\\/2025\\\/07\\\/1_Dom_Rabina_przy_ulicy_Pieknej-1024x541.jpg\",\"datePublished\":\"2025-07-25T04:35:00+00:00\",\"dateModified\":\"2025-08-22T08:37:34+00:00\",\"breadcrumb\":{\"@id\":\"https:\\\/\\\/biblsokol.org.pl\\\/pracownia\\\/fotografie-dawnego-sokolowa\\\/dom-rabina-przy-ulicy-pieknej\\\/#breadcrumb\"},\"inLanguage\":\"pl-PL\",\"potentialAction\":[{\"@type\":\"ReadAction\",\"target\":[\"https:\\\/\\\/biblsokol.org.pl\\\/pracownia\\\/fotografie-dawnego-sokolowa\\\/dom-rabina-przy-ulicy-pieknej\\\/\"]}]},{\"@type\":\"ImageObject\",\"inLanguage\":\"pl-PL\",\"@id\":\"https:\\\/\\\/biblsokol.org.pl\\\/pracownia\\\/fotografie-dawnego-sokolowa\\\/dom-rabina-przy-ulicy-pieknej\\\/#primaryimage\",\"url\":\"https:\\\/\\\/biblsokol.org.pl\\\/pracownia\\\/wp-content\\\/uploads\\\/2025\\\/07\\\/1_Dom_Rabina_przy_ulicy_Pieknej.jpg\",\"contentUrl\":\"https:\\\/\\\/biblsokol.org.pl\\\/pracownia\\\/wp-content\\\/uploads\\\/2025\\\/07\\\/1_Dom_Rabina_przy_ulicy_Pieknej.jpg\",\"width\":1640,\"height\":867},{\"@type\":\"BreadcrumbList\",\"@id\":\"https:\\\/\\\/biblsokol.org.pl\\\/pracownia\\\/fotografie-dawnego-sokolowa\\\/dom-rabina-przy-ulicy-pieknej\\\/#breadcrumb\",\"itemListElement\":[{\"@type\":\"ListItem\",\"position\":1,\"name\":\"Strona g\u0142\u00f3wna\",\"item\":\"https:\\\/\\\/biblsokol.org.pl\\\/pracownia\\\/\"},{\"@type\":\"ListItem\",\"position\":2,\"name\":\"Fotografie dawnego Soko\u0142owa\",\"item\":\"https:\\\/\\\/biblsokol.org.pl\\\/pracownia\\\/fotografie-dawnego-sokolowa\\\/\"},{\"@type\":\"ListItem\",\"position\":3,\"name\":\"Dom Rabina przy ulicy Pi\u0119knej\"}]},{\"@type\":\"WebSite\",\"@id\":\"https:\\\/\\\/biblsokol.org.pl\\\/pracownia\\\/#website\",\"url\":\"https:\\\/\\\/biblsokol.org.pl\\\/pracownia\\\/\",\"name\":\"biblsokol.org.pl\\\/pracownia\\\/\",\"description\":\"\",\"publisher\":{\"@id\":\"https:\\\/\\\/biblsokol.org.pl\\\/pracownia\\\/#organization\"},\"potentialAction\":[{\"@type\":\"SearchAction\",\"target\":{\"@type\":\"EntryPoint\",\"urlTemplate\":\"https:\\\/\\\/biblsokol.org.pl\\\/pracownia\\\/?s={search_term_string}\"},\"query-input\":{\"@type\":\"PropertyValueSpecification\",\"valueRequired\":true,\"valueName\":\"search_term_string\"}}],\"inLanguage\":\"pl-PL\"},{\"@type\":\"Organization\",\"@id\":\"https:\\\/\\\/biblsokol.org.pl\\\/pracownia\\\/#organization\",\"name\":\"Pracownia Dokumentacji Dziej\u00f3w Miasta\",\"url\":\"https:\\\/\\\/biblsokol.org.pl\\\/pracownia\\\/\",\"logo\":{\"@type\":\"ImageObject\",\"inLanguage\":\"pl-PL\",\"@id\":\"https:\\\/\\\/biblsokol.org.pl\\\/pracownia\\\/#\\\/schema\\\/logo\\\/image\\\/\",\"url\":\"https:\\\/\\\/biblsokol.org.pl\\\/pracownia\\\/wp-content\\\/uploads\\\/2025\\\/07\\\/logo-pracowni.jpg\",\"contentUrl\":\"https:\\\/\\\/biblsokol.org.pl\\\/pracownia\\\/wp-content\\\/uploads\\\/2025\\\/07\\\/logo-pracowni.jpg\",\"width\":267,\"height\":70,\"caption\":\"Pracownia Dokumentacji Dziej\u00f3w Miasta\"},\"image\":{\"@id\":\"https:\\\/\\\/biblsokol.org.pl\\\/pracownia\\\/#\\\/schema\\\/logo\\\/image\\\/\"},\"sameAs\":[\"https:\\\/\\\/www.facebook.com\\\/people\\\/Pracownia-Dokumentacji-Dziejw-Miasta-Sokow-Podlaski\\\/61556279055093\\\/\",\"https:\\\/\\\/youtube.com\\\/@INFORMBP46\\\/featured\\\/\"]}]}<\/script>\n<!-- \/ Yoast SEO plugin. -->","yoast_head_json":{"title":"Dom Rabina przy ulicy Pi\u0119knej -","robots":{"index":"noindex","follow":"follow","max-snippet":"max-snippet:-1","max-image-preview":"max-image-preview:large","max-video-preview":"max-video-preview:-1"},"og_locale":"pl_PL","og_type":"article","og_title":"Dom Rabina przy ulicy Pi\u0119knej -","og_description":"Dom Rabina przy ulicy Pi\u0119knej W budynku przy ul. Pi\u0119knej 2 przed wybuchem II wojny \u015bwiatowej mieszka\u0142 rabina Moj\u017cesz Morgerstern syn Izaaka Morgersterna. Dom Rabina zosta\u0142 zbudowany na pocz\u0105tku XX w. Budynek opr\u00f3cz mieszkania mie\u015bci\u0142 uczelni\u0119 religijn\u0105 (jesziw\u0119) o charakterze szko\u0142y \u015bredniej, przeznaczon\u0105 dla ch\u0142opc\u00f3w, kt\u00f3rzy uko\u0144czyli 13 lat. Studiowali tu Tor\u0119 i zaznajamiali si\u0119 [&hellip;]","og_url":"https:\/\/biblsokol.org.pl\/pracownia\/fotografie-dawnego-sokolowa\/dom-rabina-przy-ulicy-pieknej\/","article_publisher":"https:\/\/www.facebook.com\/people\/Pracownia-Dokumentacji-Dziejw-Miasta-Sokow-Podlaski\/61556279055093\/","article_modified_time":"2025-08-22T08:37:34+00:00","og_image":[{"url":"https:\/\/biblsokol.org.pl\/pracownia\/wp-content\/uploads\/2025\/07\/1_Dom_Rabina_przy_ulicy_Pieknej-1024x541.jpg","type":"","width":"","height":""}],"twitter_card":"summary_large_image","schema":{"@context":"https:\/\/schema.org","@graph":[{"@type":"WebPage","@id":"https:\/\/biblsokol.org.pl\/pracownia\/fotografie-dawnego-sokolowa\/dom-rabina-przy-ulicy-pieknej\/","url":"https:\/\/biblsokol.org.pl\/pracownia\/fotografie-dawnego-sokolowa\/dom-rabina-przy-ulicy-pieknej\/","name":"Dom Rabina przy ulicy Pi\u0119knej -","isPartOf":{"@id":"https:\/\/biblsokol.org.pl\/pracownia\/#website"},"primaryImageOfPage":{"@id":"https:\/\/biblsokol.org.pl\/pracownia\/fotografie-dawnego-sokolowa\/dom-rabina-przy-ulicy-pieknej\/#primaryimage"},"image":{"@id":"https:\/\/biblsokol.org.pl\/pracownia\/fotografie-dawnego-sokolowa\/dom-rabina-przy-ulicy-pieknej\/#primaryimage"},"thumbnailUrl":"https:\/\/biblsokol.org.pl\/pracownia\/wp-content\/uploads\/2025\/07\/1_Dom_Rabina_przy_ulicy_Pieknej-1024x541.jpg","datePublished":"2025-07-25T04:35:00+00:00","dateModified":"2025-08-22T08:37:34+00:00","breadcrumb":{"@id":"https:\/\/biblsokol.org.pl\/pracownia\/fotografie-dawnego-sokolowa\/dom-rabina-przy-ulicy-pieknej\/#breadcrumb"},"inLanguage":"pl-PL","potentialAction":[{"@type":"ReadAction","target":["https:\/\/biblsokol.org.pl\/pracownia\/fotografie-dawnego-sokolowa\/dom-rabina-przy-ulicy-pieknej\/"]}]},{"@type":"ImageObject","inLanguage":"pl-PL","@id":"https:\/\/biblsokol.org.pl\/pracownia\/fotografie-dawnego-sokolowa\/dom-rabina-przy-ulicy-pieknej\/#primaryimage","url":"https:\/\/biblsokol.org.pl\/pracownia\/wp-content\/uploads\/2025\/07\/1_Dom_Rabina_przy_ulicy_Pieknej.jpg","contentUrl":"https:\/\/biblsokol.org.pl\/pracownia\/wp-content\/uploads\/2025\/07\/1_Dom_Rabina_przy_ulicy_Pieknej.jpg","width":1640,"height":867},{"@type":"BreadcrumbList","@id":"https:\/\/biblsokol.org.pl\/pracownia\/fotografie-dawnego-sokolowa\/dom-rabina-przy-ulicy-pieknej\/#breadcrumb","itemListElement":[{"@type":"ListItem","position":1,"name":"Strona g\u0142\u00f3wna","item":"https:\/\/biblsokol.org.pl\/pracownia\/"},{"@type":"ListItem","position":2,"name":"Fotografie dawnego Soko\u0142owa","item":"https:\/\/biblsokol.org.pl\/pracownia\/fotografie-dawnego-sokolowa\/"},{"@type":"ListItem","position":3,"name":"Dom Rabina przy ulicy Pi\u0119knej"}]},{"@type":"WebSite","@id":"https:\/\/biblsokol.org.pl\/pracownia\/#website","url":"https:\/\/biblsokol.org.pl\/pracownia\/","name":"biblsokol.org.pl\/pracownia\/","description":"","publisher":{"@id":"https:\/\/biblsokol.org.pl\/pracownia\/#organization"},"potentialAction":[{"@type":"SearchAction","target":{"@type":"EntryPoint","urlTemplate":"https:\/\/biblsokol.org.pl\/pracownia\/?s={search_term_string}"},"query-input":{"@type":"PropertyValueSpecification","valueRequired":true,"valueName":"search_term_string"}}],"inLanguage":"pl-PL"},{"@type":"Organization","@id":"https:\/\/biblsokol.org.pl\/pracownia\/#organization","name":"Pracownia Dokumentacji Dziej\u00f3w Miasta","url":"https:\/\/biblsokol.org.pl\/pracownia\/","logo":{"@type":"ImageObject","inLanguage":"pl-PL","@id":"https:\/\/biblsokol.org.pl\/pracownia\/#\/schema\/logo\/image\/","url":"https:\/\/biblsokol.org.pl\/pracownia\/wp-content\/uploads\/2025\/07\/logo-pracowni.jpg","contentUrl":"https:\/\/biblsokol.org.pl\/pracownia\/wp-content\/uploads\/2025\/07\/logo-pracowni.jpg","width":267,"height":70,"caption":"Pracownia Dokumentacji Dziej\u00f3w Miasta"},"image":{"@id":"https:\/\/biblsokol.org.pl\/pracownia\/#\/schema\/logo\/image\/"},"sameAs":["https:\/\/www.facebook.com\/people\/Pracownia-Dokumentacji-Dziejw-Miasta-Sokow-Podlaski\/61556279055093\/","https:\/\/youtube.com\/@INFORMBP46\/featured\/"]}]}},"_links":{"self":[{"href":"https:\/\/biblsokol.org.pl\/pracownia\/wp-json\/wp\/v2\/pages\/169","targetHints":{"allow":["GET"]}}],"collection":[{"href":"https:\/\/biblsokol.org.pl\/pracownia\/wp-json\/wp\/v2\/pages"}],"about":[{"href":"https:\/\/biblsokol.org.pl\/pracownia\/wp-json\/wp\/v2\/types\/page"}],"author":[{"embeddable":true,"href":"https:\/\/biblsokol.org.pl\/pracownia\/wp-json\/wp\/v2\/users\/1"}],"replies":[{"embeddable":true,"href":"https:\/\/biblsokol.org.pl\/pracownia\/wp-json\/wp\/v2\/comments?post=169"}],"version-history":[{"count":4,"href":"https:\/\/biblsokol.org.pl\/pracownia\/wp-json\/wp\/v2\/pages\/169\/revisions"}],"predecessor-version":[{"id":2707,"href":"https:\/\/biblsokol.org.pl\/pracownia\/wp-json\/wp\/v2\/pages\/169\/revisions\/2707"}],"up":[{"embeddable":true,"href":"https:\/\/biblsokol.org.pl\/pracownia\/wp-json\/wp\/v2\/pages\/15"}],"wp:attachment":[{"href":"https:\/\/biblsokol.org.pl\/pracownia\/wp-json\/wp\/v2\/media?parent=169"}],"curies":[{"name":"wp","href":"https:\/\/api.w.org\/{rel}","templated":true}]}}