{"id":15,"date":"2025-07-24T09:14:29","date_gmt":"2025-07-24T07:14:29","guid":{"rendered":"https:\/\/biblsokol.org.pl\/pracownia\/?page_id=15"},"modified":"2025-07-28T12:16:57","modified_gmt":"2025-07-28T10:16:57","slug":"fotografie-dawnego-sokolowa","status":"publish","type":"page","link":"https:\/\/biblsokol.org.pl\/pracownia\/fotografie-dawnego-sokolowa\/","title":{"rendered":"Fotografie dawnego Soko\u0142owa"},"content":{"rendered":"\n<div style=\"height:30px\" aria-hidden=\"true\" class=\"wp-block-spacer\"><\/div>\n\n\n\n<h1 class=\"wp-block-heading has-text-align-center\">Fotografie dawnego Soko\u0142owa<\/h1>\n\n\n\n<p class=\"has-text-align-center\"><a href=\"https:\/\/biblsokol.org.pl\/pracownia\/fotografie-dawnego-sokolowa\/kosciol-p-w-sw-jana-bosco-czesc-i\/\" data-type=\"page\" data-id=\"148\"><strong>Ko\u015bci\u00f3\u0142 p. w.&nbsp; \u015bw. Jana Bosco (cz\u0119\u015b\u0107 I)<\/strong><\/a><\/p>\n\n\n\n<p class=\"has-text-align-center\"><a href=\"https:\/\/biblsokol.org.pl\/pracownia\/fotografie-dawnego-sokolowa\/kosciol-p-w-sw-jana-bosco-czesc-ii\/\" data-type=\"page\" data-id=\"150\"><strong>Ko\u015bci\u00f3\u0142 p. w. \u015bw. Jana Bosco (cz\u0119\u015b\u0107 II)<\/strong><\/a><\/p>\n\n\n\n<p class=\"has-text-align-center\"><a href=\"https:\/\/biblsokol.org.pl\/pracownia\/fotografie-dawnego-sokolowa\/kosciol-p-w-sw-rocha\/\" data-type=\"page\" data-id=\"152\"><strong>Ko\u015bci\u00f3\u0142 p. w. \u015bw. Rocha<\/strong><\/a><\/p>\n\n\n\n<p class=\"has-text-align-center\"><a href=\"https:\/\/biblsokol.org.pl\/pracownia\/fotografie-dawnego-sokolowa\/szkola-podstawowa-nr-4-im-ks-gen-st-brzoski\/\" data-type=\"page\" data-id=\"155\"><strong>Szko\u0142a Podstawowa nr 4 im. ks. gen. St. Brz\u00f3ski<\/strong><\/a><\/p>\n\n\n\n<p class=\"has-text-align-center\"><strong><a href=\"https:\/\/biblsokol.org.pl\/pracownia\/fotografie-dawnego-sokolowa\/cerkiew-pw-protekcji-najswietszej-marii-panny\/\" data-type=\"page\" data-id=\"157\">Cerkiew pw. Protekcji Naj\u015bwi\u0119tszej Marii Panny<\/a><\/strong><\/p>\n\n\n\n<p class=\"has-text-align-center\"><a href=\"https:\/\/biblsokol.org.pl\/pracownia\/fotografie-dawnego-sokolowa\/magistrat\/\" data-type=\"page\" data-id=\"159\"><strong>Magistrat<\/strong><\/a><\/p>\n\n\n\n<p class=\"has-text-align-center\"><a href=\"https:\/\/biblsokol.org.pl\/pracownia\/fotografie-dawnego-sokolowa\/gimnazjum-humanistyczne-im-henryka-sienkiewicza-w-sokolowie-podlaskim\/\" data-type=\"page\" data-id=\"161\"><strong>Gimnazjum Humanistyczne im. Henryka Sienkiewicza w Soko\u0142owie Podlaskim<\/strong><\/a><\/p>\n\n\n\n<p class=\"has-text-align-center\"><a href=\"https:\/\/biblsokol.org.pl\/pracownia\/fotografie-dawnego-sokolowa\/kosciol-p-w-niepokalanego-serca-nmp-cz-i\/\" data-type=\"page\" data-id=\"163\"><strong>Ko\u015bci\u00f3\u0142 p.w. Niepokalanego Serca NMP (cz. I)<\/strong><\/a><\/p>\n\n\n\n<p class=\"has-text-align-center\"><a href=\"https:\/\/biblsokol.org.pl\/pracownia\/fotografie-dawnego-sokolowa\/kosciol-p-w-niepokalanego-serca-nmp-cz-ii\/\" data-type=\"page\" data-id=\"165\"><strong>Ko\u015bci\u00f3\u0142 p.w. Niepokalanego Serca NMP (cz. II)<\/strong><\/a><\/p>\n\n\n\n<p class=\"has-text-align-center\"><a href=\"https:\/\/biblsokol.org.pl\/pracownia\/fotografie-dawnego-sokolowa\/stary-dworzec-pks-przy-placu-ks-gen-st-brzoski\/\" data-type=\"page\" data-id=\"167\"><strong>&#8221;Stary&#8221; Dworzec PKS przy placu ks. gen. St. Brz\u00f3ski<\/strong><\/a><\/p>\n\n\n\n<p class=\"has-text-align-center\"><a href=\"https:\/\/biblsokol.org.pl\/pracownia\/fotografie-dawnego-sokolowa\/dom-rabina-przy-ulicy-pieknej\/\" data-type=\"page\" data-id=\"169\"><strong>Dom Rabina przy ulicy Pi\u0119knej<\/strong><\/a><\/p>\n\n\n\n<p class=\"has-text-align-center\"><a href=\"https:\/\/biblsokol.org.pl\/pracownia\/fotografie-dawnego-sokolowa\/zespol-palacowo-parkowy-w-przezdziatce\/\" data-type=\"page\" data-id=\"171\"><strong>Zesp\u00f3\u0142 pa\u0142acowo-parkowy w Prze\u017adziatce<\/strong><\/a><\/p>\n\n\n\n<p class=\"has-text-align-center\"><a href=\"https:\/\/biblsokol.org.pl\/pracownia\/fotografie-dawnego-sokolowa\/dworzec-pkp-przy-ul-kolejowej\/\" data-type=\"page\" data-id=\"173\"><strong>Dworzec PKP przy ul. Kolejowej<\/strong><\/a><\/p>\n\n\n\n<p class=\"has-text-align-center\"><a href=\"https:\/\/biblsokol.org.pl\/pracownia\/fotografie-dawnego-sokolowa\/cukrownia-przy-ulicy-fabrycznej-czesc-i\/\" data-type=\"page\" data-id=\"175\"><strong>Cukrownia przy ulicy Fabrycznej &#8211; cz\u0119\u015b\u0107 I<\/strong><\/a><\/p>\n\n\n\n<p class=\"has-text-align-center\"><a href=\"https:\/\/biblsokol.org.pl\/pracownia\/fotografie-dawnego-sokolowa\/cukrownia-przy-ulicy-fabrycznej-czesc-ii\/\" data-type=\"page\" data-id=\"177\"><strong>Cukrownia przy ulicy Fabrycznej &#8211; cz\u0119\u015b\u0107 II<\/strong><\/a><\/p>\n\n\n\n<p class=\"has-text-align-center\"><a href=\"https:\/\/biblsokol.org.pl\/pracownia\/fotografie-dawnego-sokolowa\/mlyn-pss-spolem-przy-ul-tartacznej\/\" data-type=\"page\" data-id=\"179\"><strong>M\u0142yn PSS &#8221;Spo\u0142em&#8221; przy ul. Tartacznej<\/strong><\/a><\/p>\n\n\n\n<p class=\"has-text-align-center\"><a href=\"https:\/\/biblsokol.org.pl\/pracownia\/fotografie-dawnego-sokolowa\/kosciol-p-w-sw-michala-archaniola\/\" data-type=\"page\" data-id=\"181\"><strong>Ko\u015bci\u00f3\u0142 p.w. \u015bw. Micha\u0142a Archanio\u0142a<\/strong><\/a><\/p>\n\n\n\n<p class=\"has-text-align-center\"><a href=\"https:\/\/biblsokol.org.pl\/pracownia\/fotografie-dawnego-sokolowa\/izba-skarbowa-przy-ulicy-wolnosci\/\" data-type=\"page\" data-id=\"183\"><strong>Izba Skarbowa przy ulicy Wolno\u015bci<\/strong><\/a><\/p>\n\n\n\n<p class=\"has-text-align-center\"><a href=\"https:\/\/biblsokol.org.pl\/pracownia\/fotografie-dawnego-sokolowa\/urzad-stanu-cywilnego-przy-ulicy-wolnosci-2\/\" data-type=\"page\" data-id=\"185\"><strong>Urz\u0105d Stanu Cywilnego przy ulicy Wolno\u015bci 2<\/strong><\/a><\/p>\n","protected":false},"excerpt":{"rendered":"<p>Fotografie dawnego Soko\u0142owa Ko\u015bci\u00f3\u0142 p. w.&nbsp; \u015bw. Jana Bosco (cz\u0119\u015b\u0107 I) Ko\u015bci\u00f3\u0142 p. w. \u015bw. Jana Bosco (cz\u0119\u015b\u0107 II) Ko\u015bci\u00f3\u0142 p. w. \u015bw. Rocha Szko\u0142a Podstawowa nr 4 im. ks. gen. St. Brz\u00f3ski Cerkiew pw. Protekcji Naj\u015bwi\u0119tszej Marii Panny Magistrat Gimnazjum Humanistyczne im. Henryka Sienkiewicza w Soko\u0142owie Podlaskim Ko\u015bci\u00f3\u0142 p.w. Niepokalanego Serca NMP (cz. I) [&hellip;]<\/p>\n","protected":false},"author":1,"featured_media":0,"parent":0,"menu_order":0,"comment_status":"closed","ping_status":"closed","template":"","meta":{"_acf_changed":false,"footnotes":""},"class_list":["post-15","page","type-page","status-publish","hentry"],"acf":[],"yoast_head":"<!-- This site is optimized with the Yoast SEO plugin v27.4 - https:\/\/yoast.com\/product\/yoast-seo-wordpress\/ -->\n<title>Fotografie dawnego Soko\u0142owa -<\/title>\n<meta name=\"robots\" content=\"noindex, follow, max-snippet:-1, max-image-preview:large, max-video-preview:-1\" \/>\n<meta property=\"og:locale\" content=\"pl_PL\" \/>\n<meta property=\"og:type\" content=\"article\" \/>\n<meta property=\"og:title\" content=\"Fotografie dawnego Soko\u0142owa -\" \/>\n<meta property=\"og:description\" content=\"Fotografie dawnego Soko\u0142owa Ko\u015bci\u00f3\u0142 p. w.&nbsp; \u015bw. Jana Bosco (cz\u0119\u015b\u0107 I) Ko\u015bci\u00f3\u0142 p. w. \u015bw. Jana Bosco (cz\u0119\u015b\u0107 II) Ko\u015bci\u00f3\u0142 p. w. \u015bw. Rocha Szko\u0142a Podstawowa nr 4 im. ks. gen. St. Brz\u00f3ski Cerkiew pw. Protekcji Naj\u015bwi\u0119tszej Marii Panny Magistrat Gimnazjum Humanistyczne im. Henryka Sienkiewicza w Soko\u0142owie Podlaskim Ko\u015bci\u00f3\u0142 p.w. Niepokalanego Serca NMP (cz. I) [&hellip;]\" \/>\n<meta property=\"og:url\" content=\"https:\/\/biblsokol.org.pl\/pracownia\/fotografie-dawnego-sokolowa\/\" \/>\n<meta property=\"article:publisher\" content=\"https:\/\/www.facebook.com\/people\/Pracownia-Dokumentacji-Dziejw-Miasta-Sokow-Podlaski\/61556279055093\/\" \/>\n<meta property=\"article:modified_time\" content=\"2025-07-28T10:16:57+00:00\" \/>\n<meta property=\"og:image\" content=\"https:\/\/biblsokol.org.pl\/pracownia\/wp-content\/uploads\/2025\/08\/Biblioteka5.webp\" \/>\n\t<meta property=\"og:image:width\" content=\"1920\" \/>\n\t<meta property=\"og:image:height\" content=\"982\" \/>\n\t<meta property=\"og:image:type\" content=\"image\/webp\" \/>\n<meta name=\"twitter:card\" content=\"summary_large_image\" \/>\n<meta name=\"twitter:label1\" content=\"Szacowany czas czytania\" \/>\n\t<meta name=\"twitter:data1\" content=\"1 minuta\" \/>\n<script type=\"application\/ld+json\" class=\"yoast-schema-graph\">{\"@context\":\"https:\\\/\\\/schema.org\",\"@graph\":[{\"@type\":\"WebPage\",\"@id\":\"https:\\\/\\\/biblsokol.org.pl\\\/pracownia\\\/fotografie-dawnego-sokolowa\\\/\",\"url\":\"https:\\\/\\\/biblsokol.org.pl\\\/pracownia\\\/fotografie-dawnego-sokolowa\\\/\",\"name\":\"Fotografie dawnego Soko\u0142owa -\",\"isPartOf\":{\"@id\":\"https:\\\/\\\/biblsokol.org.pl\\\/pracownia\\\/#website\"},\"datePublished\":\"2025-07-24T07:14:29+00:00\",\"dateModified\":\"2025-07-28T10:16:57+00:00\",\"breadcrumb\":{\"@id\":\"https:\\\/\\\/biblsokol.org.pl\\\/pracownia\\\/fotografie-dawnego-sokolowa\\\/#breadcrumb\"},\"inLanguage\":\"pl-PL\",\"potentialAction\":[{\"@type\":\"ReadAction\",\"target\":[\"https:\\\/\\\/biblsokol.org.pl\\\/pracownia\\\/fotografie-dawnego-sokolowa\\\/\"]}]},{\"@type\":\"BreadcrumbList\",\"@id\":\"https:\\\/\\\/biblsokol.org.pl\\\/pracownia\\\/fotografie-dawnego-sokolowa\\\/#breadcrumb\",\"itemListElement\":[{\"@type\":\"ListItem\",\"position\":1,\"name\":\"Strona g\u0142\u00f3wna\",\"item\":\"https:\\\/\\\/biblsokol.org.pl\\\/pracownia\\\/\"},{\"@type\":\"ListItem\",\"position\":2,\"name\":\"Fotografie dawnego Soko\u0142owa\"}]},{\"@type\":\"WebSite\",\"@id\":\"https:\\\/\\\/biblsokol.org.pl\\\/pracownia\\\/#website\",\"url\":\"https:\\\/\\\/biblsokol.org.pl\\\/pracownia\\\/\",\"name\":\"biblsokol.org.pl\\\/pracownia\\\/\",\"description\":\"\",\"publisher\":{\"@id\":\"https:\\\/\\\/biblsokol.org.pl\\\/pracownia\\\/#organization\"},\"potentialAction\":[{\"@type\":\"SearchAction\",\"target\":{\"@type\":\"EntryPoint\",\"urlTemplate\":\"https:\\\/\\\/biblsokol.org.pl\\\/pracownia\\\/?s={search_term_string}\"},\"query-input\":{\"@type\":\"PropertyValueSpecification\",\"valueRequired\":true,\"valueName\":\"search_term_string\"}}],\"inLanguage\":\"pl-PL\"},{\"@type\":\"Organization\",\"@id\":\"https:\\\/\\\/biblsokol.org.pl\\\/pracownia\\\/#organization\",\"name\":\"Pracownia Dokumentacji Dziej\u00f3w Miasta\",\"url\":\"https:\\\/\\\/biblsokol.org.pl\\\/pracownia\\\/\",\"logo\":{\"@type\":\"ImageObject\",\"inLanguage\":\"pl-PL\",\"@id\":\"https:\\\/\\\/biblsokol.org.pl\\\/pracownia\\\/#\\\/schema\\\/logo\\\/image\\\/\",\"url\":\"https:\\\/\\\/biblsokol.org.pl\\\/pracownia\\\/wp-content\\\/uploads\\\/2025\\\/07\\\/logo-pracowni.jpg\",\"contentUrl\":\"https:\\\/\\\/biblsokol.org.pl\\\/pracownia\\\/wp-content\\\/uploads\\\/2025\\\/07\\\/logo-pracowni.jpg\",\"width\":267,\"height\":70,\"caption\":\"Pracownia Dokumentacji Dziej\u00f3w Miasta\"},\"image\":{\"@id\":\"https:\\\/\\\/biblsokol.org.pl\\\/pracownia\\\/#\\\/schema\\\/logo\\\/image\\\/\"},\"sameAs\":[\"https:\\\/\\\/www.facebook.com\\\/people\\\/Pracownia-Dokumentacji-Dziejw-Miasta-Sokow-Podlaski\\\/61556279055093\\\/\",\"https:\\\/\\\/youtube.com\\\/@INFORMBP46\\\/featured\\\/\"]}]}<\/script>\n<!-- \/ Yoast SEO plugin. -->","yoast_head_json":{"title":"Fotografie dawnego Soko\u0142owa -","robots":{"index":"noindex","follow":"follow","max-snippet":"max-snippet:-1","max-image-preview":"max-image-preview:large","max-video-preview":"max-video-preview:-1"},"og_locale":"pl_PL","og_type":"article","og_title":"Fotografie dawnego Soko\u0142owa -","og_description":"Fotografie dawnego Soko\u0142owa Ko\u015bci\u00f3\u0142 p. w.&nbsp; \u015bw. Jana Bosco (cz\u0119\u015b\u0107 I) Ko\u015bci\u00f3\u0142 p. w. \u015bw. Jana Bosco (cz\u0119\u015b\u0107 II) Ko\u015bci\u00f3\u0142 p. w. \u015bw. Rocha Szko\u0142a Podstawowa nr 4 im. ks. gen. St. Brz\u00f3ski Cerkiew pw. Protekcji Naj\u015bwi\u0119tszej Marii Panny Magistrat Gimnazjum Humanistyczne im. Henryka Sienkiewicza w Soko\u0142owie Podlaskim Ko\u015bci\u00f3\u0142 p.w. Niepokalanego Serca NMP (cz. I) [&hellip;]","og_url":"https:\/\/biblsokol.org.pl\/pracownia\/fotografie-dawnego-sokolowa\/","article_publisher":"https:\/\/www.facebook.com\/people\/Pracownia-Dokumentacji-Dziejw-Miasta-Sokow-Podlaski\/61556279055093\/","article_modified_time":"2025-07-28T10:16:57+00:00","og_image":[{"width":1920,"height":982,"url":"https:\/\/biblsokol.org.pl\/pracownia\/wp-content\/uploads\/2025\/08\/Biblioteka5.webp","type":"image\/webp"}],"twitter_card":"summary_large_image","twitter_misc":{"Szacowany czas czytania":"1 minuta"},"schema":{"@context":"https:\/\/schema.org","@graph":[{"@type":"WebPage","@id":"https:\/\/biblsokol.org.pl\/pracownia\/fotografie-dawnego-sokolowa\/","url":"https:\/\/biblsokol.org.pl\/pracownia\/fotografie-dawnego-sokolowa\/","name":"Fotografie dawnego Soko\u0142owa -","isPartOf":{"@id":"https:\/\/biblsokol.org.pl\/pracownia\/#website"},"datePublished":"2025-07-24T07:14:29+00:00","dateModified":"2025-07-28T10:16:57+00:00","breadcrumb":{"@id":"https:\/\/biblsokol.org.pl\/pracownia\/fotografie-dawnego-sokolowa\/#breadcrumb"},"inLanguage":"pl-PL","potentialAction":[{"@type":"ReadAction","target":["https:\/\/biblsokol.org.pl\/pracownia\/fotografie-dawnego-sokolowa\/"]}]},{"@type":"BreadcrumbList","@id":"https:\/\/biblsokol.org.pl\/pracownia\/fotografie-dawnego-sokolowa\/#breadcrumb","itemListElement":[{"@type":"ListItem","position":1,"name":"Strona g\u0142\u00f3wna","item":"https:\/\/biblsokol.org.pl\/pracownia\/"},{"@type":"ListItem","position":2,"name":"Fotografie dawnego Soko\u0142owa"}]},{"@type":"WebSite","@id":"https:\/\/biblsokol.org.pl\/pracownia\/#website","url":"https:\/\/biblsokol.org.pl\/pracownia\/","name":"biblsokol.org.pl\/pracownia\/","description":"","publisher":{"@id":"https:\/\/biblsokol.org.pl\/pracownia\/#organization"},"potentialAction":[{"@type":"SearchAction","target":{"@type":"EntryPoint","urlTemplate":"https:\/\/biblsokol.org.pl\/pracownia\/?s={search_term_string}"},"query-input":{"@type":"PropertyValueSpecification","valueRequired":true,"valueName":"search_term_string"}}],"inLanguage":"pl-PL"},{"@type":"Organization","@id":"https:\/\/biblsokol.org.pl\/pracownia\/#organization","name":"Pracownia Dokumentacji Dziej\u00f3w Miasta","url":"https:\/\/biblsokol.org.pl\/pracownia\/","logo":{"@type":"ImageObject","inLanguage":"pl-PL","@id":"https:\/\/biblsokol.org.pl\/pracownia\/#\/schema\/logo\/image\/","url":"https:\/\/biblsokol.org.pl\/pracownia\/wp-content\/uploads\/2025\/07\/logo-pracowni.jpg","contentUrl":"https:\/\/biblsokol.org.pl\/pracownia\/wp-content\/uploads\/2025\/07\/logo-pracowni.jpg","width":267,"height":70,"caption":"Pracownia Dokumentacji Dziej\u00f3w Miasta"},"image":{"@id":"https:\/\/biblsokol.org.pl\/pracownia\/#\/schema\/logo\/image\/"},"sameAs":["https:\/\/www.facebook.com\/people\/Pracownia-Dokumentacji-Dziejw-Miasta-Sokow-Podlaski\/61556279055093\/","https:\/\/youtube.com\/@INFORMBP46\/featured\/"]}]}},"_links":{"self":[{"href":"https:\/\/biblsokol.org.pl\/pracownia\/wp-json\/wp\/v2\/pages\/15","targetHints":{"allow":["GET"]}}],"collection":[{"href":"https:\/\/biblsokol.org.pl\/pracownia\/wp-json\/wp\/v2\/pages"}],"about":[{"href":"https:\/\/biblsokol.org.pl\/pracownia\/wp-json\/wp\/v2\/types\/page"}],"author":[{"embeddable":true,"href":"https:\/\/biblsokol.org.pl\/pracownia\/wp-json\/wp\/v2\/users\/1"}],"replies":[{"embeddable":true,"href":"https:\/\/biblsokol.org.pl\/pracownia\/wp-json\/wp\/v2\/comments?post=15"}],"version-history":[{"count":6,"href":"https:\/\/biblsokol.org.pl\/pracownia\/wp-json\/wp\/v2\/pages\/15\/revisions"}],"predecessor-version":[{"id":1665,"href":"https:\/\/biblsokol.org.pl\/pracownia\/wp-json\/wp\/v2\/pages\/15\/revisions\/1665"}],"wp:attachment":[{"href":"https:\/\/biblsokol.org.pl\/pracownia\/wp-json\/wp\/v2\/media?parent=15"}],"curies":[{"name":"wp","href":"https:\/\/api.w.org\/{rel}","templated":true}]}}